{"id":15542,"date":"2015-06-18T15:58:57","date_gmt":"2015-06-18T13:58:57","guid":{"rendered":"http:\/\/filmklubb.no\/?page_id=15542"},"modified":"2023-06-13T15:31:52","modified_gmt":"2023-06-13T13:31:52","slug":"aldersgrenser","status":"publish","type":"page","link":"https:\/\/filmklubb.no\/wp\/filmklubb\/aldersgrenser\/","title":{"rendered":"Aldersgrenser"},"content":{"rendered":"<p><strong>Alle filmer skal ha en aldersgrense, og filmklubben m\u00e5 si tydelig fra hvilken aldersgrense en film har.\u00a0<\/strong><\/p>\n<p><strong>Hvem setter aldersgrensen?\u00a0<\/strong><\/p>\n<p>Filmer som skal vises p\u00e5 kino vurderes av den enkelte kinofilmdistribut\u00f8r.\u00a0Filmer og programmer for tv, nett-tv eller andre bestillingstjenester skal aldersklassifiseres av den som har rettighetene til tilgjengeliggj\u00f8ring i Norge.<\/p>\n<p>Om en film ikke har en aldersgrense, er det filmklubben selv som er ansvarlig for \u00e5 sette en.<\/p>\n<p>Det fremg\u00e5r av <a href=\"https:\/\/lovdata.no\/dokument\/LTI\/forskrift\/2015-06-12-633\">den nye beskyttelsesloven<\/a> at alle filmer som gj\u00f8res tilgjengelige for allmenheten skal ha en aldersgrense.\u00a0Dette inkluderer ogs\u00e5 filmklubbvisninger.<\/p>\n<p><strong>Filmklubben m\u00e5:\u00a0<\/strong><\/p>\n<p><em>1. Informere om aldersgrenser for alle filmene<\/em><br \/>\nPublikum skal vite aldersgrensen f\u00f8r de kj\u00f8per billetter. Aldersgrensen m\u00e5 derfor v\u00e6re godt synlig p\u00e5 kinoen, i avisannonser, publikasjoner, p\u00e5 filmklubbens nettsider, osv.<\/p>\n<p><em>2. Sikre seg at aldersgrensene blir opprettholdt p\u00e5 visningsstedet<\/em><br \/>\nFilmklubbens rutiner for alderskontroll m\u00e5 kunne dokumenteres. Dette er noe Medietilsynet kan kreve \u00e5 f\u00e5 ved eventuell kontroll. Alderskontrollene m\u00e5 ogs\u00e5 gjennomf\u00f8res ved visning av filmene.<br \/>\nDet er ikke et krav om at det skal v\u00e6re aldersgrense p\u00e5 reklame og trailere, men kinoene har plikt til \u00e5 tilpasse disse til aldersgrensen p\u00e5 filmen som vises.<\/p>\n<p>Aldersgrensene for bildeprogrammer som gjelder fra 1. juli 2015 er som f\u00f8lger:<br \/>\n<strong>Tillatt for alle \/ 6 \u00e5r \/ 9 \u00e5r \/ 12 \u00e5r \/ 15 \u00e5r \/ 18 \u00e5r.<\/strong><\/p>\n<p><em>Ledsagerregelen<\/em> gir voksne anledning til \u00e5 ta med barn som er yngre enn aldersgrensen. Med disse aldersgrensene betyr det at barna kan v\u00e6re ett trinn yngre enn aldersgrensen p\u00e5 filmen, men 18 \u00e5rsgrensen er absolutt.<\/p>\n<p><strong>Om filmklubber m\u00e5 sette aldersgrense selv<\/strong><\/p>\n<p><span style=\"font-size: revert;\">Medietilsynet har laget <\/span><a style=\"font-size: revert;\" href=\"https:\/\/www.medietilsynet.no\/globalassets\/dokumenter\/aldersgrenser-og-kino\/230101_retningslinjer_aldersklassifisering_norsk.pdf\">retningslinjer <\/a><span style=\"font-size: revert;\">for hvordan man skal aldersklassifisere bildeprogrammer. <\/span><span style=\"font-size: revert;\">Du finner ogs\u00e5 mer informasjon om den nye beskyttelsesloven p\u00e5 <\/span><a style=\"font-size: revert;\" href=\"https:\/\/www.medietilsynet.no\/tv-film-radio\/film-og-kino\/slik-settes-en-aldersgrense\/\">Medietilsynets nettsider<\/a><span style=\"font-size: revert;\">.<\/span><\/p>\n<p>Det er viktig \u00e5 v\u00e6re oppmerksom p\u00e5 at man ikke skal ta hensyn til om filmen egner seg for barn. Det er bare antatt skadeeffekt som skal vektlegges n\u00e5r du setter en aldersgrense.<\/p>\n<p><em>Skadelig innhold<\/em> er innhold som kan skape angst, vekke uro eller virke skremmende for enkelte aldersgrupper. Det samme gjelder tematikk som kan virke forstyrrende eller opprivende p\u00e5 barn i gitte aldersgrupper, og innhold som kan gi ubehag, forvirre eller st\u00f8te barns egne normer.\u00a0FNs barnekonvensjon stiller enkelte krav til barns rett til informasjon og tilgang p\u00e5 medieinnhold. Denne retten m\u00e5 enkelte ganger veies opp mot kravet p\u00e5 beskyttelse.<\/p>\n<p>Det anbefales at styremedlemmer i filmklubbene setter seg inn i retningslinjene for aldersklassifisering. Filmklubbforbundet kan komme med hjelp og tips til hvordan filmer skal vurderes.<\/p>\n<p><strong>Nyttig informasjon fra Medietilsynet<\/strong><\/p>\n<p><a href=\"https:\/\/www.medietilsynet.no\/globalassets\/dokumenter\/aldersgrenser-og-kino\/230101_retningslinjer_aldersklassifisering_norsk.pdf\">Retningslinjer for aldersklassifisering av bildeprogrammer<\/a><\/p>\n","protected":false},"excerpt":{"rendered":"<p>Alle filmer skal ha en aldersgrense, og filmklubben m\u00e5 si tydelig fra hvilken aldersgrense en film har.\u00a0 Hvem setter aldersgrensen?\u00a0 Filmer som skal vises p\u00e5 kino vurderes av den enkelte kinofilmdistribut\u00f8r.\u00a0Filmer og programmer for tv, nett-tv eller andre bestillingstjenester skal aldersklassifiseres av den som har rettighetene til tilgjengeliggj\u00f8ring i Norge. Om en film ikke har [&hellip;]<\/p>\n","protected":false},"author":7,"featured_media":26208,"parent":13521,"menu_order":8,"comment_status":"closed","ping_status":"closed","template":"","meta":{"footnotes":""},"acf":[],"_links":{"self":[{"href":"https:\/\/filmklubb.no\/wp\/wp-json\/wp\/v2\/pages\/15542"}],"collection":[{"href":"https:\/\/filmklubb.no\/wp\/wp-json\/wp\/v2\/pages"}],"about":[{"href":"https:\/\/filmklubb.no\/wp\/wp-json\/wp\/v2\/types\/page"}],"author":[{"embeddable":true,"href":"https:\/\/filmklubb.no\/wp\/wp-json\/wp\/v2\/users\/7"}],"replies":[{"embeddable":true,"href":"https:\/\/filmklubb.no\/wp\/wp-json\/wp\/v2\/comments?post=15542"}],"version-history":[{"count":17,"href":"https:\/\/filmklubb.no\/wp\/wp-json\/wp\/v2\/pages\/15542\/revisions"}],"predecessor-version":[{"id":42726,"href":"https:\/\/filmklubb.no\/wp\/wp-json\/wp\/v2\/pages\/15542\/revisions\/42726"}],"up":[{"embeddable":true,"href":"https:\/\/filmklubb.no\/wp\/wp-json\/wp\/v2\/pages\/13521"}],"wp:featuredmedia":[{"embeddable":true,"href":"https:\/\/filmklubb.no\/wp\/wp-json\/wp\/v2\/media\/26208"}],"wp:attachment":[{"href":"https:\/\/filmklubb.no\/wp\/wp-json\/wp\/v2\/media?parent=15542"}],"curies":[{"name":"wp","href":"https:\/\/api.w.org\/{rel}","templated":true}]}}