{"id":17691,"date":"2015-08-16T21:13:33","date_gmt":"2015-08-16T19:13:33","guid":{"rendered":"http:\/\/filmklubb.no\/?page_id=17691"},"modified":"2026-04-08T10:55:52","modified_gmt":"2026-04-08T08:55:52","slug":"barn","status":"publish","type":"page","link":"https:\/\/filmklubb.no\/wp\/barn\/","title":{"rendered":"Barn &#038; unge"},"content":{"rendered":"\n<p><strong>La barna oppleve gleden og magien ved \u00e5 se film sammen! Filmklubber for barn og unge drives av frivillige, gjerne i samarbeid med den lokale kinoen, eller andre kulturinstitusjoner.<\/strong><\/p>\n\n\n\n<p>For \u00e5 starte filmklubb, trenger du<\/p>\n\n\n\n<ul>\n<li>Noen flere \u00e5 drive klubben sammen med<\/li>\n\n\n\n<li>Et sted \u00e5 vise film<\/li>\n\n\n\n<li>Noen tanker om hva dere har lyst til \u00e5 vise!<\/li>\n<\/ul>\n\n\n\n<p>Norsk filmklubbforbund hjelper dere med det praktiske, og med tips og triks til filmer og det dere trenger. <\/p>\n\n\n\n<h2 class=\"wp-block-heading\">Hvor b\u00f8r vi starte?<\/h2>\n\n\n\n<ul>\n<li>Les <a href=\"https:\/\/filmklubb.no\/wp\/wp-content\/uploads\/2023\/05\/barnefilmklubbhaandbok.pdf\">barnefilmklubb-h\u00e5ndboken v\u00e5r<\/a>.<\/li>\n\n\n\n<li>For \u00e5 registrere filmklubben, f\u00f8lg <a href=\"https:\/\/filmklubb.no\/wp\/filmklubb\/start-en-filmklubb\/\">denne sjekklista<\/a>.<\/li>\n\n\n\n<li>Finn <a href=\"https:\/\/filmklubb.no\/wp\/film-db\/\">filmer<\/a> \u00e5 vise! Filmene som ligger i<a href=\"https:\/\/filmklubb.no\/wp\/film-db\/\"> v\u00e5r katalog <\/a>viser filmer der vi har en filmkopi \u2013&nbsp;enten dvd, bluray, en fil, 16mm, 35mm eller kinofil-versjonen DCP (digital cinema package). I katalogen ser dere hva vi har. Klikk p\u00e5 rettighetshaver p\u00e5 hver enkelt film for \u00e5 se hva det koster \u00e5 vise den. Merk at rettigheter flytter p\u00e5 seg, s\u00e5 informasjonen her er ikke hugget i stein. Det er f\u00f8rst n\u00e5r dere sier fra til oss hvilke filmer dere \u00f8nsker \u00e5 vise at vi kan gi et endelig svar p\u00e5 hva det koster. <\/li>\n\n\n\n<li>Finn p\u00e5 noe i tillegg til filmen. Hold en <a href=\"https:\/\/filmklubb.no\/wp\/innledning-er-a-gi-kjaerlighet-til-filmen\/\">kort innledning<\/a>, planlegg noen <a href=\"https:\/\/filmklubb.no\/wp\/barn\/arranger-aktiviteter\/\">st\u00f8rre arrangement<\/a> i l\u00f8pet av \u00e5ret (animasjonsworkshop? Slapstick-kurs? L\u00e6r barna \u00e5 lage film, eller \u00e5 skrive filmanmeldelser?), s\u00f8k oss om <a href=\"https:\/\/filmklubb.no\/wp\/filmklubb\/sok-stotte\/\">st\u00f8tte<\/a>, og se <a href=\"https:\/\/filmklubb.no\/wp\/andre-steder-a-soke-om-stotte-til-filmklubben\/\">hvor ellers dere kan skaffe midler<\/a>. <\/li>\n\n\n\n<li>L\u00e6r av andre filmklubber \u2013&nbsp;bli med i Facebook-gruppa <a href=\"https:\/\/www.facebook.com\/groups\/363825340396142\">Filmklubber i Norge &#8211; NKF<\/a>, der vi deler erfaringer. Filmklubb-bevegelsen er stor i inkluderende, bli med n\u00e5r styremedlemmer i filmklubbene <a href=\"https:\/\/filmklubb.no\/wp\/filmklubbseminaret-i-tromso\/\">m\u00f8tes under filmfestivalen i Troms\u00f8<\/a>, under <a href=\"https:\/\/filmklubb.no\/wp\/kurs\/bergsem\/\">landsm\u00f8tehelga v\u00e5r i Bergen<\/a>, og p\u00e5 <a href=\"https:\/\/filmklubb.no\/wp\/kurs\/film-foredrag-i-oslo\/\">filmseminaret i Oslo <\/a>p\u00e5 h\u00f8sten (det er \u00e5pent for alle!). L\u00e6r mer om film, bli kjent med andre som ogs\u00e5 syns det er g\u00f8y \u00e5 sette opp film for andre. <\/li>\n<\/ul>\n","protected":false},"excerpt":{"rendered":"<p>La barna oppleve gleden og magien ved \u00e5 se film sammen! Filmklubber for barn og unge drives av frivillige, gjerne i samarbeid med den lokale kinoen, eller andre kulturinstitusjoner. For \u00e5 starte filmklubb, trenger du Norsk filmklubbforbund hjelper dere med det praktiske, og med tips og triks til filmer og det dere trenger. Hvor b\u00f8r [&hellip;]<\/p>\n","protected":false},"author":1,"featured_media":42371,"parent":0,"menu_order":8,"comment_status":"closed","ping_status":"closed","template":"","meta":{"footnotes":""},"acf":[],"_links":{"self":[{"href":"https:\/\/filmklubb.no\/wp\/wp-json\/wp\/v2\/pages\/17691"}],"collection":[{"href":"https:\/\/filmklubb.no\/wp\/wp-json\/wp\/v2\/pages"}],"about":[{"href":"https:\/\/filmklubb.no\/wp\/wp-json\/wp\/v2\/types\/page"}],"author":[{"embeddable":true,"href":"https:\/\/filmklubb.no\/wp\/wp-json\/wp\/v2\/users\/1"}],"replies":[{"embeddable":true,"href":"https:\/\/filmklubb.no\/wp\/wp-json\/wp\/v2\/comments?post=17691"}],"version-history":[{"count":18,"href":"https:\/\/filmklubb.no\/wp\/wp-json\/wp\/v2\/pages\/17691\/revisions"}],"predecessor-version":[{"id":51860,"href":"https:\/\/filmklubb.no\/wp\/wp-json\/wp\/v2\/pages\/17691\/revisions\/51860"}],"wp:featuredmedia":[{"embeddable":true,"href":"https:\/\/filmklubb.no\/wp\/wp-json\/wp\/v2\/media\/42371"}],"wp:attachment":[{"href":"https:\/\/filmklubb.no\/wp\/wp-json\/wp\/v2\/media?parent=17691"}],"curies":[{"name":"wp","href":"https:\/\/api.w.org\/{rel}","templated":true}]}}