{"id":25036,"date":"2018-09-20T10:19:36","date_gmt":"2018-09-20T08:19:36","guid":{"rendered":"http:\/\/filmklubb.no\/?page_id=25036"},"modified":"2024-02-19T09:13:02","modified_gmt":"2024-02-19T08:13:02","slug":"skeiv-film-2018","status":"publish","type":"page","link":"https:\/\/filmklubb.no\/wp\/kurs\/skeiv-film-2018\/","title":{"rendered":"Skeiv film (2018)"},"content":{"rendered":"<p><strong>Gj\u00f8r det noe hvordan skeive filmer behandler sine karakterer? Og hvordan ser skeiv film ut i andre deler av verden enn Hollywood? Vi inviterer til seminar om skeiv film, med foredrag, diskusjoner og filmvisninger.\u00a0<\/strong><\/p>\n<p><strong>Tid:<\/strong> 3. og 4. november. L\u00f8rdag 10\u201319, s\u00f8ndag 10\u201317:30.<br \/>\n<strong>Sted<\/strong><strong>:<\/strong> Tancred i Filmens Hus, Dronningens gt. 16, Oslo.<\/p>\n<p><strong>PROGRAM<\/strong><\/p>\n<p>L\u00d8RDAG 3. november<br \/>\n10:00-11:10 Velkommen ved Helene Aalborg. B. Ruby Rich: \u00abThe New Queer Cinema: What it was, how it happened, why it matters\u00bb<br \/>\n11.10\u2013 11.30 Pause<br \/>\n11.30 \u2013 13.00 FILMVISNING The Watermelon Woman (Cheryl Dunye, USA 1996, 90 minutter)<br \/>\n13:00 &#8211; 14:00 Lunsj<br \/>\n14.00 \u2013 14.25 Dag Johan Haugerud: \u00abM\u00e5 han v\u00e6re homo?\u00bb<br \/>\n14.25- 14.45 Kort pause<br \/>\n14.45 \u2013 15.30 Chris Berry \u00abQueer Cinema in Neoliberal Times: Strange Bedpartners\u00bb<br \/>\n15.30 \u2013 16.00 Pause<br \/>\n16.00 &#8211; 18:30 FILMVISNING 120 slag i minuttet (Robin Campillo FRANKRIKE 2 timer 23 min, 2017).<\/p>\n<p>S\u00d8NDAG 4. november<br \/>\n10:00-12:00 FILMVISNING Girlfriend, Boyfriend (Yang Ya-che, TAIWAN, 1 time og 46 min, 2012), intro: Chris Berry<br \/>\n12.00-12:45 Lunsj<br \/>\n12:45-13:30 Chris Berry \u00abQueer Cinema in East Asia: Kinship Metaphors and Female Audiences\u00bb<br \/>\n13:30-14:00 Pause<br \/>\n14:00-15:00 B. Ruby Rich: \u00abThe Public, The Private, and a Call for Interventionism\u00bb<br \/>\n15:00-15:30 Pause<br \/>\n15:30-17:30 FILMVISNING Pride (Matthew Warchus, UK, 2 timer 2014), intro: Sunniva Mellbye<\/p>\n<p><strong>Foredragsholdere:<br \/>\n<\/strong><strong>B. Ruby Rich<\/strong>, amerikansk akademiker og filmkritikeren som navnga fenomenet new queer cinema kommer! Hun vil snakke om \u00abThe New Queer Cinema: What it was, how it happened, why it matters\u00bb og \u00abThe Public, The Private, and a Call for Interventionism\u00bb.<\/p>\n<p><strong>Chris Berry<\/strong>, professor i filmstudier ved King\u2019s College. Vil snakke om \u00abQueer Cinema in Neoliberal Times: Strange Bedpartners\u00bb og \u00abQueer Cinema in East Asia: Kinship Metaphors and Female Audiences\u00bb.<\/p>\n<p><strong>Dag Johan Haugerud<\/strong>, filmregiss\u00f8r og forfatter.<\/p>\n<p><a href=\"http:\/\/filmklubb.no\/2018\/10\/prestisjetunge-forelesere-til-skeiv-film-seminar\/\">LES MER OM FOREDRAGSHOLDERNE.<\/a><\/p>\n<p>Pris, inkludert lunsj: 500 kroner (400 kr for cinematek- og filmklubbmedlemmer, abonnenter av Melk og studenter).<\/p>\n<p><strong>P\u00e5meldingsskjema finner du\u00a0<a href=\"https:\/\/docs.google.com\/forms\/d\/e\/1FAIpQLScu6skx6F12CjPNO0P_zth4a76rkxsq2NGeOnBE1uvtlzJmiA\/viewform\">her<\/a>.<\/strong><\/p>\n<p>Seminaret arrangeres av NFK i samarbeid med Norsk filmkritikerlag,\u00a0Melk,\u00a0Z filmtidsskrift\u00a0og Oslo Fusion. Det er st\u00f8ttet av NFI og Fritt Ord.<\/p>\n","protected":false},"excerpt":{"rendered":"<p>Gj\u00f8r det noe hvordan skeive filmer behandler sine karakterer? Og hvordan ser skeiv film ut i andre deler av verden enn Hollywood? P\u00e5 h\u00f8stens seminar bringer vi foredrag, diskusjon og filmvisninger, for \u00e5 g\u00e5 i dybden p\u00e5 skeiv film.<\/p>\n","protected":false},"author":2,"featured_media":24987,"parent":7945,"menu_order":25,"comment_status":"closed","ping_status":"closed","template":"","meta":{"footnotes":""},"acf":[],"_links":{"self":[{"href":"https:\/\/filmklubb.no\/wp\/wp-json\/wp\/v2\/pages\/25036"}],"collection":[{"href":"https:\/\/filmklubb.no\/wp\/wp-json\/wp\/v2\/pages"}],"about":[{"href":"https:\/\/filmklubb.no\/wp\/wp-json\/wp\/v2\/types\/page"}],"author":[{"embeddable":true,"href":"https:\/\/filmklubb.no\/wp\/wp-json\/wp\/v2\/users\/2"}],"replies":[{"embeddable":true,"href":"https:\/\/filmklubb.no\/wp\/wp-json\/wp\/v2\/comments?post=25036"}],"version-history":[{"count":13,"href":"https:\/\/filmklubb.no\/wp\/wp-json\/wp\/v2\/pages\/25036\/revisions"}],"predecessor-version":[{"id":45581,"href":"https:\/\/filmklubb.no\/wp\/wp-json\/wp\/v2\/pages\/25036\/revisions\/45581"}],"up":[{"embeddable":true,"href":"https:\/\/filmklubb.no\/wp\/wp-json\/wp\/v2\/pages\/7945"}],"wp:featuredmedia":[{"embeddable":true,"href":"https:\/\/filmklubb.no\/wp\/wp-json\/wp\/v2\/media\/24987"}],"wp:attachment":[{"href":"https:\/\/filmklubb.no\/wp\/wp-json\/wp\/v2\/media?parent=25036"}],"curies":[{"name":"wp","href":"https:\/\/api.w.org\/{rel}","templated":true}]}}