{"id":27037,"date":"2019-06-17T15:03:56","date_gmt":"2019-06-17T13:03:56","guid":{"rendered":"http:\/\/filmklubb.no\/?page_id=27037"},"modified":"2020-11-04T14:23:22","modified_gmt":"2020-11-04T13:23:22","slug":"tysk-nybolge","status":"publish","type":"page","link":"https:\/\/filmklubb.no\/wp\/kurs\/tysk-nybolge\/","title":{"rendered":"Den tyske nyb\u00f8lgen"},"content":{"rendered":"<p><strong>Papas kino ist tot! Lag helaften i filmklubben med foredrag fra Jan Erik Holst om tysk nyb\u00f8lge, med filmvisning etterp\u00e5.<\/strong><\/p>\n<p>&laquo;Dette foredraget gikk rett hjem hos v\u00e5re medlemmer. Vi viste Fassbinders <em>Angsten eter sjelen<\/em>, og Holst holdt et foredrag tilpasset filmvalget. Han snakket i tretti minutter f\u00f8r filmen, og femten minutter etterp\u00e5 for \u00e5 oppsummere det vi hadde sett. Som foredragsholder er Jan Erik Holst ypperlig i sin formidling. Han er sv\u00e6rt kunnskapsrik, men avbalansert og uh\u00f8ytidelig.\u201d<br \/>\n&#8211; Arendal filmklubb<\/p>\n<p><strong>Usikker p\u00e5 det \u00f8konomiske? Redd for \u00e5 g\u00e5 i underskudd? Meld din interesse p\u00e5 nfk@filmklubb.no, s\u00e5 hjelper vi deg med booking og finansiering.<\/strong><\/p>\n<p>&nbsp;<\/p>\n<p><img loading=\"lazy\" decoding=\"async\" class=\"alignleft size-full wp-image-30560\" src=\"https:\/\/filmklubb.no\/wp\/wp-content\/uploads\/2020\/10\/jan-erik-holst-web-i-210-px.jpg\" alt=\"jan erik holst web i 210 px\" width=\"210\" height=\"210\" \/><\/p>\n<p><strong>Jan Erik Holst tilbyr foredrag om denne kraftfulle perioden i filmhistorien, en tid med kunstnerisk overskudd og ildfulle filmskapere.<\/strong><\/p>\n<p>Han kan tilpasse foredraget til den tyske nyb\u00f8lgefilmen dere \u00f8nsker \u00e5 vise, og lengden kan dere ogs\u00e5 avtale med ham. Jan Erik er tidligere direkt\u00f8r for Norsk filminstitutt. Han har bakgrunn fra filmklubb og som filmprodusent. I 2014 mottok han Filmklubbprisen fra Norsk filmklubbforbund, for sin mange\u00e5rige innsats for filmkulturen. Holst har ogs\u00e5 nylig utgitt en bok om norsk-tysk filmsamarbeid.<\/p>\n<h2>Info om perioden og aktuelle filmer:<\/h2>\n<p>Den tyske nyb\u00f8lgen strekker seg fra sent 1960-tall til 1980-tallet, og ble drevet fremover av en ny gruppe oppr\u00f8rske filmskapere. Med sm\u00e5 budsjetter og inspirert av fransk nyb\u00f8lge, kom det banebrytende filmer fra en ny generasjon. De sto i reaksjon til deres politiske og \u00f8konomiske samtid, og br\u00f8t med det de ans\u00e5 som inngrodde estetiske valg. Gjennom et filmspr\u00e5k som er b\u00e5de melodramatisk og sosialrealistisk tok Rainer Werner Fassbinder, tysk films enfant terrible, \u00a0oppgj\u00f8r med vest-tysk moraldekadens og nazi-tiden.<\/p>\n<p>Med<em> Aguirre \u2013 Jakten p\u00e5 El Dorado <\/em>(1972) og <em>Fitzcarraldo<\/em> (1982) dykket Werner Herzog ned i menneskesjelens m\u00f8rke og voldelige sider. Wim Wenders p\u00e5 sin side tok for seg amerikansk kultur og fremmedgj\u00f8ring i en rekke road movies som <em>Alice in the Cities<\/em> (1974), <em>Kings of the Road<\/em>\u00a0(<em>Im Lauf der Zeit,<\/em> 1976) og den gullpalme-vinnende <em>Paris, Texas<\/em> (1984). I tillegg var regiss\u00f8rer som Margarethe von Trotta, Helma Sanders-Brahms og Volker Schl\u00f6ndorff med p\u00e5 \u00e5 endre den europeiske kunstfilmen.<\/p>\n<p>Den tyske nyb\u00f8lgen kom som en reaksjon p\u00e5 den kunstneriske og \u00f8konomiske stagnasjonen i tysk film utover 50-tallet. 28. februar 1962 kom en gruppe unge filmskapere med Oberhausen-manifestet, hvor blant annet Alexander Kluge, Edgar Reitz og Peter Schamoni erkl\u00e6rte \u00abDer alte Film ist tot. Wir glauben an den neuen\u00bb: Den gamle filmen er d\u00f8d, vi tror p\u00e5 den nye.<\/p>\n<h2>Filmer<\/h2>\n<p>Disse filmene er tilgjengelige gjennom katalogen v\u00e5r, men ta kontakt med oss om dere \u00f8nsker \u00e5 vise andre titler, s\u00e5 hjelper vi til med \u00e5 finne ut av rettigheter og priser.<\/p>\n<p><a href=\"https:\/\/filmklubb.no\/filmer\/angsten-eter-sjelen\/\"><em>Angsten eter sjelen<\/em><\/a> (1974) Rainer Werner Fassbinder (bluray). En kraftfull fortelling om en 60-\u00e5rig renholder og en mye yngre marokkaner som gifter seg mot egen families \u00f8nske. Fassbinder spiller selv en birolle. Filmen gir et usentimentalt blikk p\u00e5 de kreftene som motarbeider forhold p\u00e5 tvers av kulturer.<\/p>\n<p><a href=\"https:\/\/filmklubb.no\/filmer\/petra-von-kants-bitre-tarer\/\"><em>Petra von Kants bitre t\u00e5rer<\/em><\/a> (1972) Rainer Werner Fassbinder (DCP og bluray). Mote og melodrama: Werner Rainer Fassbinders befestet seg som en av Europas mest spennende unge regiss\u00f8rer med denne sakte-brennende kj\u00e6rlighetstrekanten.<\/p>\n<p><a href=\"https:\/\/filmklubb.no\/filmer\/aguirre-jakten-pa-el-dorado\/\"><em>Aguirre \u2013 Jakten p\u00e5 El Dorado<\/em> <\/a>(1972) Werner Herzog (bluray og DVD). Det besatte mennesket p\u00e5 jakt etter El Dorado \u2013 en rolle for Klaus Kinski!<\/p>\n<p><a href=\"https:\/\/filmklubb.no\/filmer\/fitzcarraldo\/\"><em>Fitzcarraldo<\/em><\/a> (1982) Werner Herzog (bluray og dvd). Besatt av opera og med vilje til \u00e5 overskride det muliges grenser \u2013 NOK en rolle for Klaus Kinski!<\/p>\n<p><a href=\"https:\/\/filmklubb.no\/filmer\/paris-texas\/\"><em>Paris, Texas<\/em> <\/a>(1984) Wim Wenders (bluray) Tilbys gratis i samarbeid med Goethe Instituttet. Lidenskapens \u00f8rkenvandrere &#8211; Wim Wenders sin gullpalmevinner er en vakker roadmovie som skildrer menneskelig fortvilelse med innsikt og \u00f8mhet.<\/p>\n<p><a href=\"https:\/\/filmklubb.no\/filmer\/alice-in-the-cities\/\"><em>Alice in the Cities<\/em><\/a> (1974) Wim Wenders (DVD). En eksistensiell road-movie: En fotograf har f\u00e5tt i oppdrag \u00e5 lage en fotoreportasje fra USA. Plutselig blir han overlatt ansvaret for en 10-\u00e5rig jente og i en n\u00e6rmest eventyrlig atmosf\u00e6re skildres deres felles reise.<\/p>\n<p><em>G\u00e5ten Kaspar Hauser<\/em> (1974) Werner Herzog (DCP ved foresp\u00f8rsel). Werner Herzogs film om den g\u00e5tefulle mannen som har levd hele livet sitt innesperret i en m\u00f8rk kjeller.<\/p>\n<p><em>Katharina Blums tapte \u00e6re<\/em> (1975) Volker Schl\u00f6ndorff, Margarethe von Trotta (DCP ved foresp\u00f8rsel). Katharina Blum er en ung og beskjeden pike som en dag g\u00e5r hen og forelsker seg i en sjarmerende, ung mann. Det hun derimot ikke vet, er at hennes kj\u00e6re utk\u00e5rede er en etters\u00f8kt og venstreradikal lovbryter.<\/p>\n<p><em>Kings of the Road<\/em> (1976) Wim Wenders. (DVD eller DCP ved foresp\u00f8rsel). En mentalt forlist barnespr\u00e5kforsker og en kinomaskin-reperat\u00f8r er p\u00e5 reise gjennom det tyske 70-talls landskapet.<\/p>\n<h2>Om Jan Erik Holst:<\/h2>\n<p>Holst er tidligere direkt\u00f8r for Norsk filminstitutt. Han har bakgrunn fra filmklubb og som filmprodusent. I 2014 mottok han Filmklubbprisen fra Norsk filmklubbforbund, for sin mange\u00e5rige innsats for filmkulturen. Holst arbeider med en bok om norsk-tysk filmsamarbeid.<\/p>\n<h2>Om foredraget i Arendal filmklubb:<\/h2>\n<p>\u00abDette foredraget gikk rett hjem hos v\u00e5re medlemmer. Vi viste Fassbinders\u00a0<em>Angsten eter sjelen,<\/em>\u00a0og Holst holdt et foredrag tilpasset filmvalget.\u00a0Han snakket i tretti minutter f\u00f8r filmen, og femten minutter etterp\u00e5 for \u00e5 oppsummere det vi hadde sett.<\/p>\n<p>Etter min mening er dette en ideell m\u00e5te \u00e5 formidle filmkunnskap p\u00e5: Holst snakket f\u00f8rst om nytysk film generelt, om alle de mest kjente filmskaperne fra perioden som Fassbinder, Herzog, Wenders etc. Han snakket ogs\u00e5 om yngre filmskapere som har g\u00e5tt i deres spor. S\u00e5 gikk han inn p\u00e5 filmen\u00a0<em>Angsten eter sjelen\u00a0<\/em>spesielt og satte den inn i sin kontekst. Etterp\u00e5 kom han med betraktninger om hva vi hadde sett, og det ble en dialog mellom han og publikum.<\/p>\n<p>Som foredragsholder er Jan Erik Holst ypperlig i sin formidling. Han er sv\u00e6rt kunnskapsrik, men avbalansert og uh\u00f8ytidelig.<\/p>\n<p>Vi serverte kaffe, sm\u00e5kaker og hvitvin f\u00f8r og etter filmen mens vi minglet. Det ble en minnerik ettermiddag og vi kan varmt anbefale hans foredrag til alle filmklubber som m\u00e5tte \u00f8nske hans bes\u00f8k!\u00bb<\/p>\n<p><em>Ellen, Arendal filmklubb<\/em><\/p>\n","protected":false},"excerpt":{"rendered":"<p>Den tyske nyb\u00f8lgen var et ungdomsoppr\u00f8r mot den etablerte filmen. 50 \u00e5r etter kan vi fortsatt kjenne etterd\u00f8nningene hos filmskapere som Richard Linklater og Quentin Tarantino, og de tyske nyb\u00f8lgefilmene resonnerer fortsatt hos filminteresserte verden over.<\/p>\n","protected":false},"author":16,"featured_media":30557,"parent":7945,"menu_order":30,"comment_status":"closed","ping_status":"closed","template":"","meta":{"footnotes":""},"acf":[],"_links":{"self":[{"href":"https:\/\/filmklubb.no\/wp\/wp-json\/wp\/v2\/pages\/27037"}],"collection":[{"href":"https:\/\/filmklubb.no\/wp\/wp-json\/wp\/v2\/pages"}],"about":[{"href":"https:\/\/filmklubb.no\/wp\/wp-json\/wp\/v2\/types\/page"}],"author":[{"embeddable":true,"href":"https:\/\/filmklubb.no\/wp\/wp-json\/wp\/v2\/users\/16"}],"replies":[{"embeddable":true,"href":"https:\/\/filmklubb.no\/wp\/wp-json\/wp\/v2\/comments?post=27037"}],"version-history":[{"count":25,"href":"https:\/\/filmklubb.no\/wp\/wp-json\/wp\/v2\/pages\/27037\/revisions"}],"predecessor-version":[{"id":30690,"href":"https:\/\/filmklubb.no\/wp\/wp-json\/wp\/v2\/pages\/27037\/revisions\/30690"}],"up":[{"embeddable":true,"href":"https:\/\/filmklubb.no\/wp\/wp-json\/wp\/v2\/pages\/7945"}],"wp:featuredmedia":[{"embeddable":true,"href":"https:\/\/filmklubb.no\/wp\/wp-json\/wp\/v2\/media\/30557"}],"wp:attachment":[{"href":"https:\/\/filmklubb.no\/wp\/wp-json\/wp\/v2\/media?parent=27037"}],"curies":[{"name":"wp","href":"https:\/\/api.w.org\/{rel}","templated":true}]}}