{"id":45587,"date":"2022-08-19T09:30:00","date_gmt":"2022-08-19T07:30:00","guid":{"rendered":"https:\/\/filmklubb.no\/wp\/?page_id=45587"},"modified":"2024-02-19T09:37:40","modified_gmt":"2024-02-19T08:37:40","slug":"sorkoreansk-film-2022","status":"publish","type":"page","link":"https:\/\/filmklubb.no\/wp\/kurs\/film-foredrag-i-oslo\/sorkoreansk-film-2022\/","title":{"rendered":"S\u00f8rkoreansk film (2022)"},"content":{"rendered":"<p><strong>De ukjente, de glemte, de hyllede og de store: Et innholdstett filmseminar viste oss mer av det s\u00f8rkoreanske filmlandskapet.<\/strong><\/p>\n<p>S\u00f8rkoreansk film har gjennomg\u00e5tt store forandringer de siste ti\u00e5rene \u2013 p\u00e5 samme m\u00e5te som landet for \u00f8vrig har forandret seg stort, fra et milit\u00e6rdiktatur til et demokrati.<\/p>\n<p>P\u00e5 s\u00f8rkoreansk filmhelg, arrangert av Filmklubbforbundet og Z filmtidsskrift, kunne foreleserne <strong>dr. Chi-Yun Shin<\/strong> og <strong>Darcy Paquet<\/strong> fortelle om hvilke s\u00f8rkoreanske filmer som har blitt store i S\u00f8r-Korea, hvilke kvinnelige regiss\u00f8rer som ikke enda f\u00e5r nok oppmerksomhet, hvordan filmen har spilt en rolle i overgangen til demokrati, og hva det er ved den koreanske krimfilmen som gj\u00f8r den s\u00e5 popul\u00e6r og kritikerrost \u2013\u00a0b\u00e5de nasjonalt og verden over.<\/p>\n<p><em>\u00c5rets filmhelg ble utsolgt. Om du ikke kunne komme, kan du allerede n\u00e5 begynne \u00e5 abonnere p\u00e5 Z filmtidsskrift. Neste \u00e5r vil vi vie et nummer til s\u00f8rkoreansk film, der vi bygger videre p\u00e5 filmhelga. Abonnerer du i \u00e5r, f\u00e5r du de 4 neste utgavene. Vi p\u00e5peker at abonnementsprisen g\u00e5r opp ved nytt\u00e5r. Ordin\u00e6rt abonnement kj\u00f8per du <a href=\"https:\/\/tekstallmenningen.no\/butikk\/kunst-kultur\/z-03-2022-norsk-kortfilm\/subscribe\/\">her<\/a>. Studenter og filmklubbmedlemmer f\u00e5r rabatt <a href=\"https:\/\/znett.com\/abonnere\/\">her<\/a>.<\/em><\/p>\n<h2>Hvor kan man se s\u00f8rkoreansk film?<\/h2>\n<p>Flere spurte om dette i l\u00f8pet av helga, og svaret er dessverre ikke s\u00e5 enkelt som vi skulle \u00f8nske. Foreleser Darcy Paquet tipset om Youtubekanalen <a href=\"https:\/\/www.youtube.com\/koreanfilm\">Korean film<\/a>. Det koreanske filmarkivet har lagt over 100 koreanske filmklassikere p\u00e5 Youtube i sin helhet, inkludert Im Kwon-taek\u2019s <em>Sopyonje<\/em> and Hong Sangsoo\u2019s <em>The Day the Pig Fell Into a Well.<\/em><\/p>\n<p>Det er for \u00f8vrig ogs\u00e5 noen koreanske filmer p\u00e5<a href=\"https:\/\/www.openculture.com\/freemoviesonline\"> Open Culture<\/a> sin liste over filmer som ligger gratis ute.<\/p>\n<figure id=\"attachment_34321\" aria-describedby=\"caption-attachment-34321\" style=\"width: 630px\" class=\"wp-caption alignnone\"><img loading=\"lazy\" decoding=\"async\" class=\"wp-image-34321 size-full\" src=\"https:\/\/filmklubb.no\/wp\/wp-content\/uploads\/2022\/08\/the-host-til-seminar.jpg\" alt=\"the host til seminar\" width=\"630\" height=\"340\" \/><figcaption id=\"caption-attachment-34321\" class=\"wp-caption-text\">The Host<\/figcaption><\/figure>\n<h2>Filmene som gjorde s\u00f8rkoreansk film popul\u00e6r i S\u00f8r-Korea<\/h2>\n<p>Dr. Chi-Yun Shin startet filmhelga med \u00e5 fortelle om filmens utvikling i S\u00f8r-Korea de siste ti\u00e5rene. Filmene som er store og popul\u00e6re der er ikke n\u00f8dvendigvis de som er kritikerroste i utlandet \u2013\u00a0selv om ogs\u00e5 de filmene har f\u00e5tt stort publikum hjemme.<\/p>\n<p>Her er noen av filmene hun trakk fram som b\u00e5de har gjort det stort p\u00e5 hjemmemarkedet, og som er vel verdt \u00e5 se:<\/p>\n<p><em>Joint Security Area<\/em> (2000) Park Chan-wook<br \/>\n<em>A Taxi Driver<\/em> (2017) Jang Hoon<br \/>\n<em>Extreme Job<\/em> (2019) Byeong-heon Lee<br \/>\n<em>The Host<\/em> (2006) Bong Joon-ho (vist under filmhelga)<\/p>\n<p><img loading=\"lazy\" decoding=\"async\" class=\"alignnone size-full wp-image-34794\" src=\"https:\/\/filmklubb.no\/wp\/wp-content\/uploads\/2022\/11\/48E57E94-C2AE-46BA-8644-3EDC607A65F9.png\" alt=\"\" width=\"630\" height=\"380\" \/><\/p>\n<h2>Demokratiseringen<\/h2>\n<p>Darcy Paquet, filmkritiker, filmkurator, forfatter og foreleser, fortalte om filmens rolle i demokratiseringen av landet. Noen av filmene han trakk frem i den sammenheng, var:<\/p>\n<p><em>Chilsu and Mansu<\/em> (1988) Park Kwang-su<br \/>\n<em>The President\u2019s Last Bang<\/em> (2005) Im Sang-soo<br \/>\n<em>Silenced<\/em> (2011) Hwang Dong-hyuk (som ogs\u00e5 er et krimdrama)<br \/>\n<em>1987 \u2013\u00a0When the Day Comes<\/em> (2017) Jang Joon-hwan<br \/>\n<em>Kingmaker<\/em> (2022) Soon-rye Yim<br \/>\n<em>Peppermint Candy<\/em> (1999) Lee Chang-Dong (vist under filmhelga)<\/p>\n<h2>Kvinnene vi b\u00f8r se mer p\u00e5<\/h2>\n<p>Enn s\u00e5 lenge har de mannlige auteurene fra S\u00f8r-Korea f\u00e5tt mest oppmerksomhet. Grunnene til dette er sammensatte, men det kommer p\u00e5 ingen m\u00e5te av kvaliteten p\u00e5 filmene laget av kvinnelige regiss\u00f8rer.<\/p>\n<p>Dr. Chi-Yun fortalte b\u00e5de om de f\u00f8rste kvinnelige regiss\u00f8rene i landet, og hvem som gj\u00f8r interessante ting n\u00e5.<\/p>\n<p>Koreas f\u00f8rste kvinnelige regiss\u00f8r Park Nam-ok\u00a0laget <a href=\"https:\/\/www.youtube.com\/watch?v=L5kaUIuqKFo\"><em>The Widow<\/em> <\/a>(1955). Slutten p\u00e5 filmen er dessverre tapt, men det som finnes ligger p\u00e5 Youtube.<br \/>\n<a href=\"https:\/\/www.youtube.com\/watch?v=vXfHTj754oU\"><em>A Woman Judge<\/em> <\/a>(1962) Hong Eun-won \u2013\u00a0ligger i sin helhet p\u00e5 Youtube.<br \/>\n<em>Murmuring<\/em>-trilogien (1995-1999) dokumentarfilmer av Byun Young-joo<br \/>\n<em>Take Care of my Cat<\/em> (2001) Jeong Jae-eun<br \/>\n<em>A Girl at my Door<\/em> (2014) July Jung<br \/>\n<em>The World of Us<\/em> (2016) Yoon Ga-eun<br \/>\n<em>Lucky Chan-sil<\/em> (2019) Kim Cho-hee<br \/>\n<em>Hommage<\/em> (2021) Shin Su-Woon<br \/>\n<em>Voice of Silence<\/em> (2020) Eui-jeong Hong (vist under filmhelga, som eksempel p\u00e5 en krimfilm)<br \/>\n<em>Little Forest<\/em> (2018) Yim Soon-rye (vist under filmhelga, i tilknytning dette foredraget)<\/p>\n<p>Shin understreket hvor viktige en rekke filmfestivaler har v\u00e6rt for \u00e5 l\u00f8fte frem kvinnelige filmskapere, s\u00e6rlig festivalen Seoul International Women\u2019s Film Festival. Til slutt fortalte hun om filmskaper Soon-rye Yim, som har laget <em>Little forest<\/em>. Yim har ogs\u00e5 laget filmer som <em>Waikiki Brothers<\/em> fra 2001 og <em>Forever the Moment<\/em> fra 2008.<\/p>\n<figure id=\"attachment_34805\" aria-describedby=\"caption-attachment-34805\" style=\"width: 630px\" class=\"wp-caption alignnone\"><img loading=\"lazy\" decoding=\"async\" class=\"wp-image-34805 size-full\" src=\"https:\/\/filmklubb.no\/wp\/wp-content\/uploads\/2022\/11\/voice-of-silence.jpg\" alt=\"Voice of Silence\" width=\"630\" height=\"340\" \/><figcaption id=\"caption-attachment-34805\" class=\"wp-caption-text\">Voice of Silence<\/figcaption><\/figure>\n<h2>Krimsjangeren<\/h2>\n<p>Vi rundet av helga med et siste foredrag fra Darcy Paquet, om krimsjangeren, og hvor sterkt denne st\u00e5r i s\u00f8rkoreansk film.<\/p>\n<p>Han viste blant annet et klipp fra<em> A Day Off<\/em> (1968) av Man-hee Lee. Filmen er en tidlig krimfilm, men fordi den blant annet omhandler abort, som var ulovlig i Korea p\u00e5 den tiden, s\u00e5 ble filmen forbudt \u00e5 vise. Den ble f\u00f8rst funnet og vist da filmfestivalen i Busan skulle gj\u00f8re et retrospektiv av Man-hee Lees filmer i 2005, og fant denne tapte filmen p\u00e5 et lager.<\/p>\n<p>Andre filmer Paquet trakk frem:<br \/>\n<em>A Bittersweet Life<\/em> (2005) Jee-woon Kim<br \/>\n<em>Memories of Murder<\/em> (2003) Bong Joon-ho<br \/>\n<em>New World<\/em> (2013) Park Hoon-jung<br \/>\n<em>Voice of Silence<\/em> (2020) Eui-jeong Hong<\/p>\n<h2>Nysgjerrig p\u00e5 mer s\u00f8rkoreansk film?<\/h2>\n<p>Filmfestivalen <a href=\"https:\/\/www.filmfrasor.no\/no\"><strong>Film fra s\u00f8r<\/strong> <\/a>skjer i Oslo 12.\u201320. november, og har i \u00e5r et spesielt fokus p\u00e5 s\u00f8rkoreansk film.<\/p>\n<h2>Hva blir tema for neste \u00e5r?<\/h2>\n<p>Vi bestemmer tema en gang p\u00e5 ny\u00e5ret, og begynner \u00e5 planlegge programmet. F\u00f8lg med p\u00e5 <a href=\"https:\/\/filmklubb.no\/kurs\/film-foredrag-i-oslo\/\">nettsiden v\u00e5r,<\/a> eller f\u00f8lg oss i sosiale medier for \u00e5 h\u00f8re om neste \u00e5rs tema.<\/p>\n<p><em>Vi takker alle som kom p\u00e5 filmhelga, og vi takker Norsk filmkritikerlag, Norsk filminstitutt og Fritt ord for \u00f8konomisk st\u00f8tte.<\/em><\/p>\n<p>Program for helga:<\/p>\n<p>L\u00d8RDAG 5. NOVEMBER<br \/>\n10:00 Registrering og kaffe<br \/>\n10:30\u201311:30 Velkommen ved Atle Hunnes Isaksen. Introduksjonsforelesning ved Chi-Yun Shin \u00abBlockbusters and Global Auteurs\u00bb (45 min)<br \/>\n11:30\u201311:45 Pause<br \/>\n11:45\u201313:45 FILM: The Host, (2 timer)<br \/>\n13:45\u201314:30 Lunsj<br \/>\n14:30 \u201315:40\u00a0 Forelesning Darcy Paquet \u00abDemokratiseringen av S\u00f8r-Korea, og filmens rolle\u00bb (60 min)<br \/>\n15:40-16.00 Pause<br \/>\n16:00\u201318:10 FILM Peppermint Candy (2 timer 10 min)<\/p>\n<p>S\u00d8NDAG 6. NOVEMBER<br \/>\n10\u201310:30 Registrering og kaffe<br \/>\n10.30\u201311.25 Chi-Yun Shin \u00ab Women directors: Here they come!\u00bb<br \/>\n11.25\u201311.45 Pause<br \/>\n11:45\u201313:30 FILM Little Forest (1 time og 43 min)<br \/>\n13:30\u201314:15 Lunsj<br \/>\n14:15 \u201315:25 Forelesning Darcy Paquet om s\u00f8r-koreansk krimfilm (60 min)<br \/>\n15:25 \u201315:45 Pause<br \/>\n15:45\u201317:30 FILM Voice of Silence (1 time og 39 min)<\/p>\n<p><img loading=\"lazy\" decoding=\"async\" class=\"alignnone size-medium wp-image-34782\" src=\"https:\/\/filmklubb.no\/wp\/wp-content\/uploads\/2022\/11\/PB061187-300x400.jpeg\" alt=\"\" width=\"300\" height=\"400\" \/> <img loading=\"lazy\" decoding=\"async\" class=\"alignnone size-medium wp-image-34780\" src=\"https:\/\/filmklubb.no\/wp\/wp-content\/uploads\/2022\/11\/PB061179-533x400.jpeg\" alt=\"\u00f8rkoreansk filmhelg 2022.\" width=\"533\" height=\"400\" \/> <img loading=\"lazy\" decoding=\"async\" class=\"alignnone size-medium wp-image-34779\" src=\"https:\/\/filmklubb.no\/wp\/wp-content\/uploads\/2022\/11\/PB051168-300x400.jpeg\" alt=\"Darcy Paquet\" width=\"300\" height=\"400\" \/> \u00a0\u00a0<img loading=\"lazy\" decoding=\"async\" class=\"alignnone size-medium wp-image-34774\" src=\"https:\/\/filmklubb.no\/wp\/wp-content\/uploads\/2022\/11\/PB051108-300x400.jpeg\" alt=\"Under lunsjen p\u00e5 s\u00f8rkoreansk filmhelg 2022.\" width=\"300\" height=\"400\" \/><img loading=\"lazy\" decoding=\"async\" class=\"alignnone size-medium wp-image-34787\" src=\"https:\/\/filmklubb.no\/wp\/wp-content\/uploads\/2022\/11\/PB061237-533x400.jpeg\" alt=\"\" width=\"533\" height=\"400\" \/> <img loading=\"lazy\" decoding=\"async\" class=\"alignnone size-medium wp-image-34789\" src=\"https:\/\/filmklubb.no\/wp\/wp-content\/uploads\/2022\/11\/PB061274-533x400.jpeg\" alt=\"\" width=\"533\" height=\"400\" \/><\/p>\n","protected":false},"excerpt":{"rendered":"<p>De ukjente, de glemte, de hyllede og de store: Et innholdstett filmseminar viste oss mer av det s\u00f8rkoreanske filmlandskapet. S\u00f8rkoreansk film har gjennomg\u00e5tt store forandringer de siste ti\u00e5rene \u2013 p\u00e5 samme m\u00e5te som landet for \u00f8vrig har forandret seg stort, fra et milit\u00e6rdiktatur til et demokrati. P\u00e5 s\u00f8rkoreansk filmhelg, arrangert av Filmklubbforbundet og Z filmtidsskrift, [&hellip;]<\/p>\n","protected":false},"author":1,"featured_media":40171,"parent":30572,"menu_order":0,"comment_status":"closed","ping_status":"closed","template":"","meta":{"footnotes":""},"acf":[],"_links":{"self":[{"href":"https:\/\/filmklubb.no\/wp\/wp-json\/wp\/v2\/pages\/45587"}],"collection":[{"href":"https:\/\/filmklubb.no\/wp\/wp-json\/wp\/v2\/pages"}],"about":[{"href":"https:\/\/filmklubb.no\/wp\/wp-json\/wp\/v2\/types\/page"}],"author":[{"embeddable":true,"href":"https:\/\/filmklubb.no\/wp\/wp-json\/wp\/v2\/users\/1"}],"replies":[{"embeddable":true,"href":"https:\/\/filmklubb.no\/wp\/wp-json\/wp\/v2\/comments?post=45587"}],"version-history":[{"count":2,"href":"https:\/\/filmklubb.no\/wp\/wp-json\/wp\/v2\/pages\/45587\/revisions"}],"predecessor-version":[{"id":45589,"href":"https:\/\/filmklubb.no\/wp\/wp-json\/wp\/v2\/pages\/45587\/revisions\/45589"}],"up":[{"embeddable":true,"href":"https:\/\/filmklubb.no\/wp\/wp-json\/wp\/v2\/pages\/30572"}],"wp:featuredmedia":[{"embeddable":true,"href":"https:\/\/filmklubb.no\/wp\/wp-json\/wp\/v2\/media\/40171"}],"wp:attachment":[{"href":"https:\/\/filmklubb.no\/wp\/wp-json\/wp\/v2\/media?parent=45587"}],"curies":[{"name":"wp","href":"https:\/\/api.w.org\/{rel}","templated":true}]}}