{"id":50578,"date":"2025-10-27T13:26:45","date_gmt":"2025-10-27T12:26:45","guid":{"rendered":"https:\/\/filmklubb.no\/wp\/?page_id=50578"},"modified":"2025-10-27T13:27:29","modified_gmt":"2025-10-27T12:27:29","slug":"kultfilm-2025","status":"publish","type":"page","link":"https:\/\/filmklubb.no\/wp\/kultfilm-2025\/","title":{"rendered":"Kultfilm (2025)"},"content":{"rendered":"\n<h2 class=\"wp-block-heading\"><strong>Filmseminar 2025<\/strong><\/h2>\n\n\n\n<p><strong>Dato:<\/strong>\u00a025.-26. oktober<br><strong>Sted:<\/strong>\u00a0Cinemateket i Oslo.<br><strong>Tema:<\/strong>\u00a0Kultfilm<br>Billettpris: ordin\u00e6r 750 kr \/ student\/filmklubbmedlem 650 kr. Inkluderer fire filmer, fire foredrag (p\u00e5 engelsk) og vegetarlunsj b\u00e5de l\u00f8rdag og s\u00f8ndag.<\/p>\n\n\n\n<p>Har du ikke tid til hele helga? Da kan du<a href=\"https:\/\/www.cinemateket.no\/norsk-filmklubbforbund-seminar\">&nbsp;kj\u00f8pe billett til hver enkelt film+foredrag her.&nbsp;<\/a>OBS: Merk at du da ikke f\u00e5r lunsj.<\/p>\n\n\n\n<p>\u00c5rets filmseminar handler om kultfilm! Hvilke kultfilmer er verdt \u00e5 se? Eller har det blitt for lett \u00e5 kalle noe en kultfilm? Norsk filmklubbforbund og Z filmtidsskrift arrangerer filmseminar der vi inviterer internasjonale filmeksperter til \u00e5 holde foredrag og vise film!<\/p>\n\n\n\n<h2 class=\"wp-block-heading\">Program<\/h2>\n\n\n\n<p><strong>L\u00f8rdag 25. oktober<\/strong><br>10:00 Registrering og kaffe<br>10:30\u201311:30 Steve Rawle: \u00abThe Ultimate Super-Happy-Zombie-Romance-Murder-Mystery-Family-Comedy-Karaoke-Disaster-Movie-Part-Animated-Remake-All-Singing-All-Dancing-Musical-Spectacular-Extravaganza: The Happiness of the Katakuris as a model cult film\u00bb<br>11:30-12:00 Pause<br>12:00\u201314.00 FILM:&nbsp;<em>The Happiness of the Katakuris&nbsp;<\/em>(Takashi Miike, 2001) 1t 53min<br>14:00\u201314:45 Lunsj<br>14:45\u201315:45 Iain Robert Smith: \u00abGlobal Cult Cinema Through a Decolonial Lens\u00bb<br>15:45\u201316:10 Pause<br>16:10\u201317:25 FILM:&nbsp;<em>Who Killed Captain Alex?<\/em>&nbsp;(Isaac G.G. Nabwana, 2010) 1t 11 min<\/p>\n\n\n\n<p><strong>S\u00f8ndag 26. oktober<\/strong><br>10:00 Registrering og kaffe<br>10:30\u201311:30 Becky Bartlett: \u00abThe Best of the Worst:&nbsp;<em>Plan 9<\/em>&nbsp;and the Cult of the Bad Movie\u00bb<br>11:30\u201312:00 Pause<br>12:00\u201313:25 FILM:&nbsp;<em>Plan 9 From Outer Space<\/em>&nbsp;(Ed Wood, 1958) 1t og 19min<br>13:30\u201314:15 Lunsj<br>14:15\u201315:15 Kate Egan: \u00abHoly Grails and Withnails: Certain Tendencies of British Cult Cinema\u00bb<strong><br><\/strong>15:15\u201315:45 Pause<br>15:45\u201317:35 FILM:&nbsp;<em>Withnail and I&nbsp;<\/em>(Bruce Robinson, 1987) 1t 47min<\/p>\n\n\n\n<h2 class=\"wp-block-heading\">Forelesere<\/h2>\n\n\n\n<figure class=\"wp-block-image\"><img loading=\"lazy\" decoding=\"async\" width=\"1024\" height=\"1024\" src=\"https:\/\/filmklubb.no\/wp\/wp-content\/uploads\/2025\/06\/steve-rawle-filmseminar-nfk-1024x1024.jpg\" alt=\"\" class=\"wp-image-49497\"\/><\/figure>\n\n\n\n<h2 class=\"wp-block-heading\"><\/h2>\n\n\n\n<p><strong>Professor<\/strong>&nbsp;<strong>Steve Rawle<\/strong>, School of the Arts, York St. John University. Han vil snakke om Takashi Miike som kultfilmregiss\u00f8r, med hovedvekt p\u00e5 hans&nbsp;<em>The Happiness of the Katakuris&nbsp;<\/em>(Takashi Miike, 2001). Vi viser filmen.<\/p>\n\n\n\n<figure class=\"wp-block-image\"><img loading=\"lazy\" decoding=\"async\" width=\"350\" height=\"350\" src=\"https:\/\/filmklubb.no\/wp\/wp-content\/uploads\/2025\/06\/becky-bartlett-filmseminar-nfk-e1749059840489.jpg\" alt=\"\" class=\"wp-image-49499\"\/><\/figure>\n\n\n\n<p><strong>Dr. Becky Bartlett,<\/strong>&nbsp;foreleser i Film Exhibition and Curation ved University of Edinburgh. Hun vil snakke om \u00abbadfilm\u00bb, film som er s\u00e5 d\u00e5rlig at den er bra, og vi viser<strong>&nbsp;<\/strong><em>Plan 9 From Outer Space&nbsp;<\/em>( Ed Wood, 1958).<\/p>\n\n\n\n<figure class=\"wp-block-image\"><img loading=\"lazy\" decoding=\"async\" width=\"1024\" height=\"1024\" src=\"https:\/\/filmklubb.no\/wp\/wp-content\/uploads\/2025\/06\/iain-robert-smith-filmseminar-nfk-1024x1024.jpg\" alt=\"\" class=\"wp-image-49498\"\/><\/figure>\n\n\n\n<p><strong>Iain Robert Smith,<\/strong>&nbsp;seniorforeleser i filmstudier ved King\u2019s College i London. Han vil snakke om kultfilm i et globalt perspektiv med&nbsp;<em>Who Killed Captain Alex?&nbsp;<\/em>(Isaac Godfrey Geoffrey Nabwana, 2010) som eksempel.<\/p>\n\n\n\n<figure class=\"wp-block-image\"><img loading=\"lazy\" decoding=\"async\" width=\"500\" height=\"500\" src=\"https:\/\/filmklubb.no\/wp\/wp-content\/uploads\/2025\/06\/Egan-Image-1.jpg\" alt=\"\" class=\"wp-image-49574\" srcset=\"https:\/\/filmklubb.no\/wp\/wp-content\/uploads\/2025\/06\/Egan-Image-1.jpg 500w, https:\/\/filmklubb.no\/wp\/wp-content\/uploads\/2025\/06\/Egan-Image-1-400x400.jpg 400w\" sizes=\"(max-width: 500px) 100vw, 500px\" \/><\/figure>\n\n\n\n<p><strong>Dr. Kate Egan&nbsp;<\/strong>er assistant professor ved Northumbria School of Design, Arts and Creative Industries ved Northumbria University. Hun vil snakke om britisk kultfilm og viser&nbsp;<em>Withnail&nbsp;and I&nbsp;<\/em>(Bruce Robinson, 1987).<\/p>\n\n\n\n<h2 class=\"wp-block-heading\">Filmer<\/h2>\n\n\n\n<figure class=\"wp-block-image\"><img loading=\"lazy\" decoding=\"async\" width=\"1024\" height=\"576\" src=\"https:\/\/filmklubb.no\/wp\/wp-content\/uploads\/2025\/06\/the-happiness-of-the-Katakuris-1024x576.jpg\" alt=\"\" class=\"wp-image-49535\" srcset=\"https:\/\/filmklubb.no\/wp\/wp-content\/uploads\/2025\/06\/the-happiness-of-the-Katakuris-1024x576.jpg 1024w, https:\/\/filmklubb.no\/wp\/wp-content\/uploads\/2025\/06\/the-happiness-of-the-Katakuris-630x354.jpg 630w, https:\/\/filmklubb.no\/wp\/wp-content\/uploads\/2025\/06\/the-happiness-of-the-Katakuris-768x432.jpg 768w, https:\/\/filmklubb.no\/wp\/wp-content\/uploads\/2025\/06\/the-happiness-of-the-Katakuris.jpg 1440w\" sizes=\"(max-width: 1024px) 100vw, 1024px\" \/><\/figure>\n\n\n\n<p><strong><em>The Happiness of the Katakuris&nbsp;<\/em>(Takashi Miike, 2001)<\/strong><\/p>\n\n\n\n<p>En s\u00e6regen familie flytter p\u00e5 landet for \u00e5 f\u00f8lge dr\u00f8mmen om \u00e5 drive en fjellstue. N\u00e5r gjestene plutselig lider uventede og usannsynlige skjebner, f\u00e5r familien sin fulle hyre med \u00e5 dekke over sporene de etterlater. Grotesk stop-motion animasjon, surrealistiske musikalnumre og zombier gj\u00f8r filmen til en herlig skrekkfilmkomedie. Aldersgrense: 15 \u00e5r.<\/p>\n\n\n\n<figure class=\"wp-block-image\"><img loading=\"lazy\" decoding=\"async\" width=\"1024\" height=\"580\" src=\"https:\/\/filmklubb.no\/wp\/wp-content\/uploads\/2025\/06\/who-killed-captain-alex-1024x580.png\" alt=\"\" class=\"wp-image-49533\" srcset=\"https:\/\/filmklubb.no\/wp\/wp-content\/uploads\/2025\/06\/who-killed-captain-alex-1024x580.png 1024w, https:\/\/filmklubb.no\/wp\/wp-content\/uploads\/2025\/06\/who-killed-captain-alex-630x357.png 630w, https:\/\/filmklubb.no\/wp\/wp-content\/uploads\/2025\/06\/who-killed-captain-alex-768x435.png 768w, https:\/\/filmklubb.no\/wp\/wp-content\/uploads\/2025\/06\/who-killed-captain-alex-1536x869.png 1536w, https:\/\/filmklubb.no\/wp\/wp-content\/uploads\/2025\/06\/who-killed-captain-alex-2048x1159.png 2048w\" sizes=\"(max-width: 1024px) 100vw, 1024px\" \/><\/figure>\n\n\n\n<p><strong><em>Who Killed Captain Alex?<\/em>&nbsp;(Isaac Godfrey Geoffrey Nabwana, 2010)<\/strong><\/p>\n\n\n\n<p>Sivile oppt\u00f8yer bryter ut etter drapet p\u00e5 den elskede ugandiske soldaten og Kung Fu eksperten kaptein Alex. Filmen er produsert i Wakaliwood, et ekstremt lavbudsjettstudio i Kampala, Uganda. Originalfilmen ble slettet fra regiss\u00f8rens pc for \u00e5 gi plass til en ny film, s\u00e5 den eneste versjonen som eksisterer er med kommentarspor.&nbsp;Aldersgrense: 12 \u00e5r.<\/p>\n\n\n\n<figure class=\"wp-block-image\"><img loading=\"lazy\" decoding=\"async\" width=\"1024\" height=\"670\" src=\"https:\/\/filmklubb.no\/wp\/wp-content\/uploads\/2025\/06\/planet-nine-from-outer-space-e1749061527706.jpg\" alt=\"\" class=\"wp-image-49534\" srcset=\"https:\/\/filmklubb.no\/wp\/wp-content\/uploads\/2025\/06\/planet-nine-from-outer-space-e1749061527706.jpg 1024w, https:\/\/filmklubb.no\/wp\/wp-content\/uploads\/2025\/06\/planet-nine-from-outer-space-e1749061527706-611x400.jpg 611w, https:\/\/filmklubb.no\/wp\/wp-content\/uploads\/2025\/06\/planet-nine-from-outer-space-e1749061527706-768x503.jpg 768w\" sizes=\"(max-width: 1024px) 100vw, 1024px\" \/><\/figure>\n\n\n\n<p><strong><a href=\"https:\/\/filmklubb.no\/wp\/film\/plan-9-from-outer-space\/\"><em>Plan 9 From Outer Space<\/em><\/a>&nbsp;(Ed Wood, 1958)<\/strong><\/p>\n\n\n\n<p>Romvesen er p\u00e5 jorda for \u00e5 iverksette plan 9. Jordas d\u00f8de skal vekkes til live for \u00e5 angripe de levende. Filmen har status som verdens d\u00e5rligste film, laget av den verste regiss\u00f8ren gjennom tidene. Den utilsiktede humoren, sammen med den tilsiktede samfunnskritikken, gj\u00f8r den til et h\u00f8yst severdig \u00abbadfilm\u00bb-eksemplar. Aldersgrense: 9 \u00e5r.<\/p>\n\n\n\n<figure class=\"wp-block-image\"><img loading=\"lazy\" decoding=\"async\" width=\"1024\" height=\"576\" src=\"https:\/\/filmklubb.no\/wp\/wp-content\/uploads\/2025\/06\/Withnail-and-I-1024x576.jpg\" alt=\"\" class=\"wp-image-49576\" srcset=\"https:\/\/filmklubb.no\/wp\/wp-content\/uploads\/2025\/06\/Withnail-and-I-1024x576.jpg 1024w, https:\/\/filmklubb.no\/wp\/wp-content\/uploads\/2025\/06\/Withnail-and-I-630x354.jpg 630w, https:\/\/filmklubb.no\/wp\/wp-content\/uploads\/2025\/06\/Withnail-and-I-768x432.jpg 768w, https:\/\/filmklubb.no\/wp\/wp-content\/uploads\/2025\/06\/Withnail-and-I.jpg 1280w\" sizes=\"(max-width: 1024px) 100vw, 1024px\" \/><\/figure>\n\n\n\n<p><strong><em><a href=\"https:\/\/filmklubb.no\/wp\/film\/withnail-og-jeg\/\">Withnail&nbsp;and I&nbsp;<\/a><\/em>(Bruce Robinson, 1987)<\/strong><\/p>\n\n\n\n<p>London, 1969: To arbeidsl\u00f8se skuespillere, Withnail og \u00abI\u00bb g\u00e5r i oppl\u00f8sning i sin skitne London-leilighet, der oppvasken lever sitt eget liv. Et innfall f\u00e5r Withnail til \u00e5 overtale den eksentriske onkelen Monty til \u00e5 l\u00e5ne dem et hus han eier p\u00e5 landet. Tanken er at de kanskje f\u00e5r nytt p\u00e5gangsmot i nye omgivelser, men ting blir ikke som de hadde planlagt.&nbsp;<em>Withnail and I&nbsp;<\/em>er en betydelig kultklassiker, med et hysterisk morsomt og s\u00e5rt blikk, fylt av et fantastisk karaktergalleri og sitatvennlige replikkvekslinger. Aldersgrense: 15 \u00e5r.<\/p>\n\n\n\n<p>Gikk du glipp av forrige filmseminar? Seminaret danner utgangspunkt for et nummer av Z filmtidsskrift, s\u00e5 du kan&nbsp;<a href=\"https:\/\/znett.com\/arkiv\/\">handle i arkivet<\/a>&nbsp;eller abonnere for \u00e5 f\u00e5 lese mer om seminartemaene v\u00e5re.&nbsp;<\/p>\n\n\n\n<h2 class=\"wp-block-heading\">Om filmseminaret<\/h2>\n\n\n\n<p>Hver h\u00f8st arrangerer Norsk filmklubbforbund og Z filmtidsskrift helgeseminar i Oslo. Der gir vi en introduksjon til et bestemt tema. Tidligere tema har v\u00e6rt blant annet: Afroamerikansk film, komedier\/humor, apokalypse p\u00e5 film, s\u00f8rkoreansk film, skrekkfilm og popmusikk og film. Les mer om tidligere tema&nbsp;<a href=\"https:\/\/filmklubb.no\/wp\/kurs\/tidligere-filmseminar\/\">her<\/a>.<\/p>\n\n\n\n<p>P\u00e5 disse seminarene viser vi film i en faglig kontekst, med foredrag tilknyttet de ulike filmene. Vi inviterer profilerte internasjonale forelesere og filmskapere, og setter av en helg til film og faglig p\u00e5fyll. M\u00e5let er \u00e5 gi innsikt i filmen som kunstnerisk uttrykk og dens rolle i samfunnet.<\/p>\n\n\n\n<p>Helgen retter seg mot alle som er interessert i film, b\u00e5de deg som har sett mye og lite. Her er det ingen krav til forkunnskap, du trenger bare v\u00e6re nysgjerrig p\u00e5 \u00e5 l\u00e6re mer.<\/p>\n\n\n\n<h2 class=\"wp-block-heading\">Om reisest\u00f8tte til styremedlemmer i filmklubb<\/h2>\n\n\n\n<p>For deg som sitter i et filmklubbstyre. Maks. 2 personer per klubb, inntil 3000 kr per person. Bel\u00f8pet dekker overnatting og rimelig reise, og forutsetter registrert oppm\u00f8te p\u00e5 seminaret begge dager.&nbsp;<\/p>\n\n\n\n<p>Reisest\u00f8tten utbetales etterskuddsvis mot kvitteringer (kontakt: nfk (at) filmklubb.no), og dekker ikke billett til filmklubbhelga. Om du har lang reisevei og dyre billetter kan vi st\u00f8tte litt mer: Send en epost til&nbsp; nfk (at) filmklubb.no der du sier hvor du reiser fra og hva det vil koste.<\/p>\n\n\n\n<p>Vi har ikke et fast seminar-hotell, men b\u00e5de Comfort Hotel Xpress Central Station og Comfort Hotel B\u00f8rsparken ligger i n\u00e6rheten av Cinemateket og er av den rimelige sorten.<\/p>\n\n\n\n<p>Filmseminaret arrangeres av Norsk filmklubbforbund, i samarbeid med Z filmtidsskrift og Norsk filmkritikerlag, og med st\u00f8tte fra Norsk filminstitutt og Studieforbundet for Livslang l\u00e6ring.<\/p>\n","protected":false},"excerpt":{"rendered":"<p>Filmseminar 2025 Dato:\u00a025.-26. oktoberSted:\u00a0Cinemateket i Oslo.Tema:\u00a0KultfilmBillettpris: ordin\u00e6r 750 kr \/ student\/filmklubbmedlem 650 kr. Inkluderer fire filmer, fire foredrag (p\u00e5 engelsk) og vegetarlunsj b\u00e5de l\u00f8rdag og s\u00f8ndag. Har du ikke tid til hele helga? Da kan du&nbsp;kj\u00f8pe billett til hver enkelt film+foredrag her.&nbsp;OBS: Merk at du da ikke f\u00e5r lunsj. \u00c5rets filmseminar handler om kultfilm! Hvilke [&hellip;]<\/p>\n","protected":false},"author":2,"featured_media":50192,"parent":0,"menu_order":0,"comment_status":"closed","ping_status":"closed","template":"","meta":{"footnotes":""},"acf":[],"_links":{"self":[{"href":"https:\/\/filmklubb.no\/wp\/wp-json\/wp\/v2\/pages\/50578"}],"collection":[{"href":"https:\/\/filmklubb.no\/wp\/wp-json\/wp\/v2\/pages"}],"about":[{"href":"https:\/\/filmklubb.no\/wp\/wp-json\/wp\/v2\/types\/page"}],"author":[{"embeddable":true,"href":"https:\/\/filmklubb.no\/wp\/wp-json\/wp\/v2\/users\/2"}],"replies":[{"embeddable":true,"href":"https:\/\/filmklubb.no\/wp\/wp-json\/wp\/v2\/comments?post=50578"}],"version-history":[{"count":1,"href":"https:\/\/filmklubb.no\/wp\/wp-json\/wp\/v2\/pages\/50578\/revisions"}],"predecessor-version":[{"id":50579,"href":"https:\/\/filmklubb.no\/wp\/wp-json\/wp\/v2\/pages\/50578\/revisions\/50579"}],"wp:featuredmedia":[{"embeddable":true,"href":"https:\/\/filmklubb.no\/wp\/wp-json\/wp\/v2\/media\/50192"}],"wp:attachment":[{"href":"https:\/\/filmklubb.no\/wp\/wp-json\/wp\/v2\/media?parent=50578"}],"curies":[{"name":"wp","href":"https:\/\/api.w.org\/{rel}","templated":true}]}}